{"id":7732,"date":"2019-03-23T07:16:49","date_gmt":"2019-03-23T07:16:49","guid":{"rendered":"http:\/\/dgskongres.srbijaodsrca.rs\/?page_id=7732"},"modified":"2024-04-19T20:38:46","modified_gmt":"2024-04-19T20:38:46","slug":"social-program-tours","status":"publish","type":"page","link":"https:\/\/dgskongres.srbijaodsrca.rs\/?page_id=7732","title":{"rendered":"Social program\/Tours"},"content":{"rendered":"<p>EXCURSION\t\t\t\t\t\t\t\t<\/p>\n<p>Dear participants,It is our pleasure to invite you to join us at this special event. We hope that after brain storming sessions you will enjoy in unofficial networking and wine tasting.Travel program &#8211; The wine tour within \u017dupa wine-growing area16th October 2019,15.00h -20.00hThe hilly area between mountains Kopaonik (2017 m), \u017deljin (1785 m), Go\u010d (1123 m) and Jastrebac (1494 m) in Central Serbia is characterized by specific climate with warm days but in the same time with cold nights. It is ideal for vines which are grown in this area for centuries. This large wine-growing region called Tri Morave comprises several subregions of which \u017dupa wine-growing subregion will be visited during the wine tour.We will have the opportunity to see over 100 years old vineyards with traditional so-called \u201c\u017dupski\u201c training system without vineyard support. The uniqueness of the \u017dupa wine-growing subregion is also 24 seasonal wine-growing villages called \u201cPoljane\u201d which is composed of the small traditional wine cellars dating from the Middle Ages, but most of preserved ones are from the XIX and XX centuries.After approximately 50 minutes drive by bus, we will arrive at the Museum of winemaking and viticulture in Aleksandrovac, the center place of wine production in this area. During the one hour guided tour, we will learn about traditional viticulture and wine production from the XX century. In the budding of wine museum, which was a wine cellar of Agriculture school set up 1924, we will see old viticulture and wine production equipment, \u201cPoljane\u201c room, objects from the history of viticulture and wine production in \u201c\u017dupa\u201c wine-growing subregion, etc. We will also visit the fountain in the center of the city of Aleksandrovac which is filled with wine which can be freely consumed during the one-week festival devoted to the grape harvest organized at the end of September.Since autochthonous and regional vine varieties such as Prokupac (red) and Tamjanika (white aromatic) variety are traditionally grown in this wine-growing area, we will visit two wineries specialized for producing wine with protected geographical designation from these varieties, and learn why these varieties are appreciated by wine producers. &nbsp;Winery \u201cVino Budimir\u201c (Wine Budimir) in Aleksandrovac &#8211; winery tour and wine tastingWinery \u201cVino Budimir\u201c is a modern winery based on the tradition of producing wines from autochthonous varieties of Prokupac and Tamjanika grapes from the old vineyards. The winery has the capacity of 500.000 l and it is predominantly export-oriented. The traditional way of wine production from autochthonous varieties is taken care of by grandfather Budimir, who has 70 years of harvest experience. &nbsp;Winery \u201cVinska ku\u0107a Spasi\u0107\u201c (Wine house Spasic) in village Tr\u017eac \u2013 winery tour and wine tasting with appetizersWinery \u201cVinska ku\u0107a Spasi\u0107\u201c has transformed the multi-generational tradition of wine production into the modern production of wines from autochthonous vine varieties. &nbsp;Concerning the terroir of the local \u017dupa wine-growing subregion to come to the fore is especially important in the production of this winery. Winery \u201cVinska ku\u0107a Spasi\u0107\u201c is very well known for white wines from the aromatic variety Tamjanika, but also rose and red wines based on Prokupac variety are of high quality.<\/p>\n<p><img loading=\"lazy\" decoding=\"async\" width=\"640\" height=\"480\" src=\"http:\/\/dgskongres.srbijaodsrca.rs\/wp-content\/uploads\/2019\/10\/15-Winery-Wine-house-Spasic.jpg\" \/>\t\t\t\t<\/p>\n<p><img loading=\"lazy\" decoding=\"async\" width=\"640\" height=\"480\" src=\"http:\/\/dgskongres.srbijaodsrca.rs\/wp-content\/uploads\/2019\/10\/14-Winery-Wine-Budimir.jpg\" \/>\t\t\t\t<\/p>\n<p><img loading=\"lazy\" decoding=\"async\" width=\"640\" height=\"480\" src=\"http:\/\/dgskongres.srbijaodsrca.rs\/wp-content\/uploads\/2019\/10\/6-Museum-of-winemaking-and-viticulture-3.jpg\" \/>\t\t\t\t<\/p>\n<p><!-- \/row --><\/p>\n<p>CONTACT US<br \/>\n\t\t\t\t\t\t\t\t\t\t\t\t\t\t\t\t\t\t\t\t\t\tSERBIAN GENETIC SOCIETY<\/p>\n<p>&#916;\t\t\t\t\t\t\t\t\t\t\t\t\t<\/p>\n<p>Find Us\t\t\t\t\t\t\t\t<\/p>\n<p><img decoding=\"async\" src=\"https:\/\/maps.googleapis.com\/maps\/api\/staticmap?center=Vrnja\u010dka Banja&amp;zoom=14&amp;size=1960x400&amp;scale=2&amp;markers=color:red|Vrnja\u010dka Banja\" \/><\/p>\n","protected":false},"excerpt":{"rendered":"<p class=\"excerpt\">EXCURSION Dear participants,It is our pleasure to invite you to join us at this special event. We hope that after brain storming sessions you will enjoy in unofficial networking and wine tasting.Travel program &#8211; The wine tour within \u017dupa wine-growing area16th October 2019,15.00h -20.00hThe hilly area between mountains Kopaonik (2017 m), \u017deljin (1785 m), Go\u010d [&hellip;]<\/p>\n","protected":false},"author":1,"featured_media":0,"parent":0,"menu_order":0,"comment_status":"closed","ping_status":"closed","template":"builder.php","meta":{"footnotes":""},"_links":{"self":[{"href":"https:\/\/dgskongres.srbijaodsrca.rs\/index.php?rest_route=\/wp\/v2\/pages\/7732"}],"collection":[{"href":"https:\/\/dgskongres.srbijaodsrca.rs\/index.php?rest_route=\/wp\/v2\/pages"}],"about":[{"href":"https:\/\/dgskongres.srbijaodsrca.rs\/index.php?rest_route=\/wp\/v2\/types\/page"}],"author":[{"embeddable":true,"href":"https:\/\/dgskongres.srbijaodsrca.rs\/index.php?rest_route=\/wp\/v2\/users\/1"}],"replies":[{"embeddable":true,"href":"https:\/\/dgskongres.srbijaodsrca.rs\/index.php?rest_route=%2Fwp%2Fv2%2Fcomments&post=7732"}],"version-history":[{"count":216,"href":"https:\/\/dgskongres.srbijaodsrca.rs\/index.php?rest_route=\/wp\/v2\/pages\/7732\/revisions"}],"predecessor-version":[{"id":9608,"href":"https:\/\/dgskongres.srbijaodsrca.rs\/index.php?rest_route=\/wp\/v2\/pages\/7732\/revisions\/9608"}],"wp:attachment":[{"href":"https:\/\/dgskongres.srbijaodsrca.rs\/index.php?rest_route=%2Fwp%2Fv2%2Fmedia&parent=7732"}],"curies":[{"name":"wp","href":"https:\/\/api.w.org\/{rel}","templated":true}]}}