{"id":7326,"date":"2019-03-20T09:38:21","date_gmt":"2019-03-20T09:38:21","guid":{"rendered":"http:\/\/dgskongres.srbijaodsrca.rs\/?page_id=7326"},"modified":"2024-04-19T20:38:47","modified_gmt":"2024-04-19T20:38:47","slug":"scientific-program","status":"publish","type":"page","link":"https:\/\/dgskongres.srbijaodsrca.rs\/?page_id=7326","title":{"rendered":"scientific program\/speakers"},"content":{"rendered":"<p>Topics\t\t\t\t\t\t\t\t<\/p>\n<p>1. Human omics variation2. Medical genetics3. Genetic toxicology: from cell to ecosystem<\/p>\n<p>4. Adaptation and ecological genetics5. Genetic diversity, phylogeny and conservation6. Breeding for changing environments<\/p>\n<p>7. Microbial genetics8. Bioinformatics and big data analysis9. Miscellaneouos topics<\/p>\n<p>Workshop 1: Personalized medicineWorkshop 2: The truth is in wine and DNA \u2013 applications of molecular methods in viticulture<\/p>\n<p><!-- \/row --><\/p>\n<p><img loading=\"lazy\" decoding=\"async\" width=\"1175\" height=\"751\" src=\"http:\/\/dgskongres.srbijaodsrca.rs\/wp-content\/uploads\/2019\/09\/Sema.png\" \/><\/p>\n<p>Program<br \/>\n\t\t\t\t\t\t\t\t\t\t\t\t\t\t\t\t\t\t\t\t\t\t<a href=\"http:\/\/dgskongres.srbijaodsrca.rs\/wp-content\/uploads\/2019\/10\/Programme-6th-congress-1.pdf\" target=\"_blank\" rel=\"noopener\">Download program PDF<\/a><img decoding=\"async\" src=\"http:\/\/dgskongres.srbijaodsrca.rs\/wp-content\/uploads\/2019\/10\/Programme-6th-congress-page-001-0.jpg\"><\/p>\n<p><img loading=\"lazy\" decoding=\"async\" width=\"1772\" height=\"2248\" src=\"http:\/\/dgskongres.srbijaodsrca.rs\/wp-content\/uploads\/2019\/10\/Programme-6th-congress-page-002-2.jpg\" \/><img loading=\"lazy\" decoding=\"async\" width=\"1772\" height=\"2220\" src=\"http:\/\/dgskongres.srbijaodsrca.rs\/wp-content\/uploads\/2019\/10\/Programme-6th-congress-page-003-2.jpg\" \/><img loading=\"lazy\" decoding=\"async\" width=\"1772\" height=\"2244\" src=\"http:\/\/dgskongres.srbijaodsrca.rs\/wp-content\/uploads\/2019\/10\/Programme-6th-congress-page-004-2.jpg\" \/><img loading=\"lazy\" decoding=\"async\" width=\"1772\" height=\"2068\" src=\"http:\/\/dgskongres.srbijaodsrca.rs\/wp-content\/uploads\/2019\/10\/Programme-6th-congress-page-005-2.jpg\" \/><img loading=\"lazy\" decoding=\"async\" width=\"1772\" height=\"2224\" src=\"http:\/\/dgskongres.srbijaodsrca.rs\/wp-content\/uploads\/2019\/10\/Programme-6th-congress-page-006-2.jpg\" \/><img loading=\"lazy\" decoding=\"async\" width=\"1772\" height=\"2232\" src=\"http:\/\/dgskongres.srbijaodsrca.rs\/wp-content\/uploads\/2019\/10\/Programme-6th-congress-page-007-2.jpg\" \/><img loading=\"lazy\" decoding=\"async\" width=\"1772\" height=\"2160\" src=\"http:\/\/dgskongres.srbijaodsrca.rs\/wp-content\/uploads\/2019\/10\/Programme-6th-congress-page-008-2.jpg\" \/><img loading=\"lazy\" decoding=\"async\" width=\"1772\" height=\"2248\" src=\"http:\/\/dgskongres.srbijaodsrca.rs\/wp-content\/uploads\/2019\/10\/Programme-6th-congress-page-009-2.jpg\" \/><img loading=\"lazy\" decoding=\"async\" width=\"1772\" height=\"1156\" src=\"http:\/\/dgskongres.srbijaodsrca.rs\/wp-content\/uploads\/2019\/10\/Programme-6th-congress-page-010-2.jpg\" \/><\/p>\n<p>OUR SPEAKERS<\/p>\n<p><!-- start copy -->\t<\/p>\n<p><!-- blog image option -->\t\t<\/p>\n<p><img loading=\"lazy\" decoding=\"async\" width=\"960\" height=\"300\" src=\"http:\/\/dgskongres.srbijaodsrca.rs\/wp-content\/uploads\/2019\/02\/2019DGS_baner960x300px_v2.jpg\" \/><\/p>\n<p>Evangelia Eirini Tsermpini<\/p>\n<p>Laboratory of Pharmacogenomics &amp; Individualized Therapy, Department of Pharmacy, School of Health Sciences, University of Patras, Greece<\/p>\n<p><!-- end start copy -->\t<\/p>\n<p><!-- start copy -->\t<\/p>\n<p><!-- blog image option -->\t\t<\/p>\n<p><img loading=\"lazy\" decoding=\"async\" width=\"960\" height=\"300\" src=\"http:\/\/dgskongres.srbijaodsrca.rs\/wp-content\/uploads\/2019\/02\/2019DGS_baner960x300px_v2.jpg\" \/><\/p>\n<p>Milena Stevanovi\u0107<\/p>\n<p>Institute of Molecular Genetics and Genetic Engineering, University of Belgrade, Faculty of Biology, Belgrade, Serbia<br \/>\nSerbian Academy of Sciences and Arts, Belgrade, Serbia<\/p>\n<p><!-- end start copy -->\t<\/p>\n<p><!-- start copy -->\t<\/p>\n<p><!-- blog image option -->\t\t<\/p>\n<p><img loading=\"lazy\" decoding=\"async\" width=\"960\" height=\"300\" src=\"http:\/\/dgskongres.srbijaodsrca.rs\/wp-content\/uploads\/2019\/02\/2019DGS_baner960x300px_v2.jpg\" \/><\/p>\n<p>Giovanni Giuseppe Vendramin<\/p>\n<p>Institute of Biosciences and BioResources of the National Research Council of Italy<\/p>\n<p><!-- end start copy -->\t<\/p>\n<p><!-- start copy -->\t<\/p>\n<p><!-- blog image option -->\t\t<\/p>\n<p><img loading=\"lazy\" decoding=\"async\" width=\"960\" height=\"300\" src=\"http:\/\/dgskongres.srbijaodsrca.rs\/wp-content\/uploads\/2019\/02\/2019DGS_baner960x300px_v2.jpg\" \/><\/p>\n<p>Gabriele di Gaspero<\/p>\n<p>Institute of Applied Genomics (IGA), International Centre of Research, Udine, Italy<\/p>\n<p><!-- end start copy -->\t<\/p>\n<p><!-- start copy -->\t<\/p>\n<p><!-- blog image option -->\t\t<\/p>\n<p><img loading=\"lazy\" decoding=\"async\" width=\"960\" height=\"300\" src=\"http:\/\/dgskongres.srbijaodsrca.rs\/wp-content\/uploads\/2019\/02\/2019DGS_baner960x300px_v2.jpg\" \/><\/p>\n<p>Ander Matheu<\/p>\n<p>Health Reasearch Institute Biodonostia and University of Basque Country (UPV\/EHU), San Sebastian, Spain<\/p>\n<p><!-- end start copy -->\t<\/p>\n<p><!-- start copy -->\t<\/p>\n<p><!-- blog image option -->\t\t<\/p>\n<p><img loading=\"lazy\" decoding=\"async\" width=\"960\" height=\"300\" src=\"http:\/\/dgskongres.srbijaodsrca.rs\/wp-content\/uploads\/2019\/02\/2019DGS_baner960x300px_v2.jpg\" \/><\/p>\n<p>Christine Patch<\/p>\n<p>Genomics England, London, UK<\/p>\n<p><!-- end start copy -->\t<\/p>\n<p><!-- start copy -->\t<\/p>\n<p><!-- blog image option -->\t\t<\/p>\n<p><img loading=\"lazy\" decoding=\"async\" width=\"960\" height=\"300\" src=\"http:\/\/dgskongres.srbijaodsrca.rs\/wp-content\/uploads\/2019\/02\/2019DGS_baner960x300px_v2.jpg\" \/><\/p>\n<p>Vittorio Venturi<\/p>\n<p>Bacteriology and Plant Bacteriology, ICGEB, Trieste, Italy<\/p>\n<p><!-- end start copy -->\t<\/p>\n<p><!-- start copy -->\t<\/p>\n<p><!-- blog image option -->\t\t<\/p>\n<p><img loading=\"lazy\" decoding=\"async\" width=\"960\" height=\"300\" src=\"http:\/\/dgskongres.srbijaodsrca.rs\/wp-content\/uploads\/2019\/02\/2019DGS_baner960x300px_v2.jpg\" \/><\/p>\n<p>Ana Cvejic<\/p>\n<p>University of Cambridge, Cambridge, UK<\/p>\n<p><!-- end start copy -->\t<\/p>\n<p><!-- start copy -->\t<\/p>\n<p><!-- blog image option -->\t\t<\/p>\n<p><img loading=\"lazy\" decoding=\"async\" width=\"960\" height=\"300\" src=\"http:\/\/dgskongres.srbijaodsrca.rs\/wp-content\/uploads\/2019\/02\/2019DGS_baner960x300px_v2.jpg\" \/><\/p>\n<p>Vlatko Galic<\/p>\n<p>Poljoprivredni institut, Osjek, Croatia<\/p>\n<p><!-- end start copy -->\t<\/p>\n<p><!-- start copy -->\t<\/p>\n<p><!-- blog image option -->\t\t<\/p>\n<p><img loading=\"lazy\" decoding=\"async\" width=\"960\" height=\"300\" src=\"http:\/\/dgskongres.srbijaodsrca.rs\/wp-content\/uploads\/2019\/02\/2019DGS_baner960x300px_v2.jpg\" \/><\/p>\n<p>Johann Vollmann<\/p>\n<p>University of Natural Resources and Applied Life Sciences, Vienna, Austria<\/p>\n<p><!-- end start copy -->\t<\/p>\n<p><!-- start copy -->\t<\/p>\n<p><!-- blog image option -->\t\t<\/p>\n<p><img loading=\"lazy\" decoding=\"async\" width=\"960\" height=\"300\" src=\"http:\/\/dgskongres.srbijaodsrca.rs\/wp-content\/uploads\/2019\/02\/2019DGS_baner960x300px_v2.jpg\" \/><\/p>\n<p>Vladimir Trifonov<\/p>\n<p>Institute Of Molecular And Cellular Biology SB RAS \u00b7 Genome Biodiversity an Evolution<\/p>\n<p><!-- end start copy -->\t<\/p>\n<p><!-- start copy -->\t<\/p>\n<p><!-- blog image option -->\t\t<\/p>\n<p><img loading=\"lazy\" decoding=\"async\" width=\"960\" height=\"300\" src=\"http:\/\/dgskongres.srbijaodsrca.rs\/wp-content\/uploads\/2019\/02\/2019DGS_baner960x300px_v2.jpg\" \/><\/p>\n<p>Tomasz Grzybowski<\/p>\n<p>Nicolaus Copernicus University in Toru\u0144 Ludwik Rydygier Collegium Medicum in Bydgoszcz, Poland<\/p>\n<p><!-- end start copy -->\t<\/p>\n<p><!-- start copy -->\t<\/p>\n<p><!-- blog image option -->\t\t<\/p>\n<p><img loading=\"lazy\" decoding=\"async\" width=\"960\" height=\"300\" src=\"http:\/\/dgskongres.srbijaodsrca.rs\/wp-content\/uploads\/2019\/02\/2019DGS_baner960x300px_v2.jpg\" \/><\/p>\n<p>Thomas Flatt<\/p>\n<p>University of Fribourg, Department of Biology, Fribourg, Switzerland<\/p>\n<p><!-- end start copy -->\t<\/p>\n<p><!-- start copy -->\t<\/p>\n<p><!-- blog image option -->\t\t<\/p>\n<p><img loading=\"lazy\" decoding=\"async\" width=\"960\" height=\"300\" src=\"http:\/\/dgskongres.srbijaodsrca.rs\/wp-content\/uploads\/2019\/02\/2019DGS_baner960x300px_v2.jpg\" \/><\/p>\n<p>Natasa Przulj<\/p>\n<p>Catalan Institution for Research and Advanced Studies, Barcelona Supercomputing Center, Barcelona, Spain<\/p>\n<p><!-- end start copy -->\t<\/p>\n<p><!-- start copy -->\t<\/p>\n<p><!-- blog image option -->\t\t<\/p>\n<p><img loading=\"lazy\" decoding=\"async\" width=\"960\" height=\"300\" src=\"http:\/\/dgskongres.srbijaodsrca.rs\/wp-content\/uploads\/2019\/02\/2019DGS_baner960x300px_v2.jpg\" \/><\/p>\n<p>Michael Lisby<\/p>\n<p>Functional Genomics at the Department of Biology, University of Copenhagen, Denmark<\/p>\n<p><!-- end start copy -->\t<\/p>\n<p><!-- start copy -->\t<\/p>\n<p><!-- blog image option -->\t\t<\/p>\n<p><img loading=\"lazy\" decoding=\"async\" width=\"960\" height=\"300\" src=\"http:\/\/dgskongres.srbijaodsrca.rs\/wp-content\/uploads\/2019\/02\/2019DGS_baner960x300px_v2.jpg\" \/><\/p>\n<p>Leonardo De Oliveira Martins<\/p>\n<p>Department of Materials, Imperial College London, United Kingdom<\/p>\n<p><!-- end start copy -->\t<\/p>\n<p><!-- start copy -->\t<\/p>\n<p><!-- blog image option -->\t\t<\/p>\n<p><img loading=\"lazy\" decoding=\"async\" width=\"960\" height=\"300\" src=\"http:\/\/dgskongres.srbijaodsrca.rs\/wp-content\/uploads\/2019\/02\/2019DGS_baner960x300px_v2.jpg\" \/><\/p>\n<p>Jos\u00e9 P\u00e9rez-Mart\u00edn<\/p>\n<p>Institute of Functional Biology and Genomics, Spain<\/p>\n<p><!-- end start copy -->\t<\/p>\n<p><!-- start copy -->\t<\/p>\n<p><!-- blog image option -->\t\t<\/p>\n<p><img loading=\"lazy\" decoding=\"async\" width=\"960\" height=\"300\" src=\"http:\/\/dgskongres.srbijaodsrca.rs\/wp-content\/uploads\/2019\/02\/2019DGS_baner960x300px_v2.jpg\" \/><\/p>\n<p>Donatella de Pascale<\/p>\n<p>Institute of Protein Biochemistry National Research Council, Naples, Italy<\/p>\n<p><!-- end start copy -->\t<\/p>\n<p><!-- start copy -->\t<\/p>\n<p><!-- blog image option -->\t\t<\/p>\n<p><img loading=\"lazy\" decoding=\"async\" width=\"960\" height=\"300\" src=\"http:\/\/dgskongres.srbijaodsrca.rs\/wp-content\/uploads\/2019\/02\/2019DGS_baner960x300px_v2.jpg\" \/><\/p>\n<p>Olivera Miljanovic<\/p>\n<p>University of Montenegro, Medical Faculty &amp; Clinical Center of Montenegro, Podgorica, Montenegro<\/p>\n<p><!-- end start copy -->\t<\/p>\n<p><!-- start copy -->\t<\/p>\n<p><!-- blog image option -->\t\t<\/p>\n<p><img loading=\"lazy\" decoding=\"async\" width=\"960\" height=\"300\" src=\"http:\/\/dgskongres.srbijaodsrca.rs\/wp-content\/uploads\/2019\/02\/2019DGS_baner960x300px_v2.jpg\" \/><\/p>\n<p>Bojana \u017degura<\/p>\n<p>Department of genetic toxicology and cancer biology at the National Institute of Biology (NIB) and Assistant professor in Toxicology at the University of Ljubljana, Slovenia<\/p>\n<p><!-- end start copy -->\t<\/p>\n<p><!-- \/row -->\t<\/p>\n<p>CONTACT US<br \/>\n\t\t\t\t\t\t\t\t\t\t\t\t\t\t\t\t\t\t\t\t\t\tSERBIAN GENETIC SOCIETY<\/p>\n<p>&#916;\t\t\t\t\t\t\t\t\t\t\t\t\t<\/p>\n<p>FIND US<br \/>\n\t\t\t\t\t\t\t\t\t\t\t\t\t\t\t\t\t\t\t\t\t\tThe Congress will take place in Vrnja\u010dka Banja. Come visit us!<\/p>\n<p><img decoding=\"async\" src=\"https:\/\/maps.googleapis.com\/maps\/api\/staticmap?center=Vrnja\u010dka banja&amp;zoom=14&amp;size=1960x400&amp;scale=2&amp;markers=color:red|Vrnja\u010dka banja\" \/><\/p>\n","protected":false},"excerpt":{"rendered":"<p class=\"excerpt\">Topics 1. Human omics variation2. Medical genetics3. Genetic toxicology: from cell to ecosystem 4. Adaptation and ecological genetics5. Genetic diversity, phylogeny and conservation6. Breeding for changing environments 7. Microbial genetics8. Bioinformatics and big data analysis9. Miscellaneouos topics Workshop 1: Personalized medicineWorkshop 2: The truth is in wine and DNA \u2013 applications of molecular methods in [&hellip;]<\/p>\n","protected":false},"author":1,"featured_media":0,"parent":0,"menu_order":0,"comment_status":"closed","ping_status":"closed","template":"builder.php","meta":{"footnotes":""},"_links":{"self":[{"href":"https:\/\/dgskongres.srbijaodsrca.rs\/index.php?rest_route=\/wp\/v2\/pages\/7326"}],"collection":[{"href":"https:\/\/dgskongres.srbijaodsrca.rs\/index.php?rest_route=\/wp\/v2\/pages"}],"about":[{"href":"https:\/\/dgskongres.srbijaodsrca.rs\/index.php?rest_route=\/wp\/v2\/types\/page"}],"author":[{"embeddable":true,"href":"https:\/\/dgskongres.srbijaodsrca.rs\/index.php?rest_route=\/wp\/v2\/users\/1"}],"replies":[{"embeddable":true,"href":"https:\/\/dgskongres.srbijaodsrca.rs\/index.php?rest_route=%2Fwp%2Fv2%2Fcomments&post=7326"}],"version-history":[{"count":240,"href":"https:\/\/dgskongres.srbijaodsrca.rs\/index.php?rest_route=\/wp\/v2\/pages\/7326\/revisions"}],"predecessor-version":[{"id":9610,"href":"https:\/\/dgskongres.srbijaodsrca.rs\/index.php?rest_route=\/wp\/v2\/pages\/7326\/revisions\/9610"}],"wp:attachment":[{"href":"https:\/\/dgskongres.srbijaodsrca.rs\/index.php?rest_route=%2Fwp%2Fv2%2Fmedia&parent=7326"}],"curies":[{"name":"wp","href":"https:\/\/api.w.org\/{rel}","templated":true}]}}