{"id":4021,"date":"2018-11-01T10:18:50","date_gmt":"2018-11-01T10:18:50","guid":{"rendered":"http:\/\/wphash.com\/wp\/advent\/?page_id=4021"},"modified":"2024-04-19T20:38:53","modified_gmt":"2024-04-19T20:38:53","slug":"gallery-style","status":"publish","type":"page","link":"https:\/\/dgskongres.srbijaodsrca.rs\/?page_id=4021","title":{"rendered":"Gallery"},"content":{"rendered":"<p>EVENTS GALLERY<\/p>\n<p>VI Congress of the Serbian Genetic Society<\/p>\n<p><!-- style filter-->\t\t<\/p>\n<p><!-- Filter Nav Cat-->\t\t\t\t\t\t\t<\/p>\n<p>All<\/p>\n<p>Vrnja\u010dka Banja<\/p>\n<p><!-- portfolio_menu End --> \t\t\t\t<\/p>\n<p><!-- Filter post Query--><\/p>\n<p><!-- start copy -->\t<\/p>\n<p><!-- single portfolio item -->\t<\/p>\n<p><img loading=\"lazy\" decoding=\"async\" width=\"500\" height=\"387\" src=\"http:\/\/dgskongres.srbijaodsrca.rs\/wp-content\/uploads\/2019\/02\/Vrnjacka-Banja.jpg\" \/><\/p>\n<p><!-- portfolio contentarea --><\/p>\n<p><!-- portfolio icon --><\/p>\n<p><a href=\"http:\/\/dgskongres.srbijaodsrca.rs\/wp-content\/uploads\/2019\/02\/Vrnjacka-Banja.jpg\"><\/p>\n<p><\/a>\t\t\t\t\t\t\t\t\t\t\t\t<\/p>\n<p><!-- end portfolio icon --><\/p>\n<p><!-- portfolio title --><\/p>\n<p>Vrnjacka Banja<\/p>\n<p><!-- end portfolio title --><\/p>\n<p><!-- portfolio category --><\/p>\n<p>Vrnja\u010dka Banja<\/p>\n<p><!-- end portfolio category -->\t<\/p>\n<p><!-- end portfolio contentarea --><\/p>\n<p><!-- end single portfolio item -->\t<\/p>\n<p><!-- end copy --><\/p>\n<p><!-- start copy -->\t<\/p>\n<p><!-- single portfolio item -->\t<\/p>\n<p><img loading=\"lazy\" decoding=\"async\" width=\"245\" height=\"206\" src=\"http:\/\/dgskongres.srbijaodsrca.rs\/wp-content\/uploads\/2019\/02\/Vrnjacka-Banja-1.jpg\" \/><\/p>\n<p><!-- portfolio contentarea --><\/p>\n<p><!-- portfolio icon --><\/p>\n<p><a href=\"http:\/\/dgskongres.srbijaodsrca.rs\/wp-content\/uploads\/2019\/02\/Vrnjacka-Banja-1.jpg\"><\/p>\n<p><\/a>\t\t\t\t\t\t\t\t\t\t\t\t<\/p>\n<p><!-- end portfolio icon --><\/p>\n<p><!-- portfolio title --><\/p>\n<p>Vrnjacka-Banja<\/p>\n<p><!-- end portfolio title --><\/p>\n<p><!-- portfolio category --><\/p>\n<p>Vrnja\u010dka Banja<\/p>\n<p><!-- end portfolio category -->\t<\/p>\n<p><!-- end portfolio contentarea --><\/p>\n<p><!-- end single portfolio item -->\t<\/p>\n<p><!-- end copy --><\/p>\n<p><!-- start copy -->\t<\/p>\n<p><!-- single portfolio item -->\t<\/p>\n<p><img loading=\"lazy\" decoding=\"async\" width=\"272\" height=\"186\" src=\"http:\/\/dgskongres.srbijaodsrca.rs\/wp-content\/uploads\/2019\/02\/Vrnjacka-Banja-Hotel.jpg\" \/><\/p>\n<p><!-- portfolio contentarea --><\/p>\n<p><!-- portfolio icon --><\/p>\n<p><a href=\"http:\/\/dgskongres.srbijaodsrca.rs\/wp-content\/uploads\/2019\/02\/Vrnjacka-Banja-Hotel.jpg\"><\/p>\n<p><\/a>\t\t\t\t\t\t\t\t\t\t\t\t<\/p>\n<p><!-- end portfolio icon --><\/p>\n<p><!-- portfolio title --><\/p>\n<p>Hotel Fontana<\/p>\n<p><!-- end portfolio title --><\/p>\n<p><!-- portfolio category --><\/p>\n<p>Vrnja\u010dka Banja<\/p>\n<p><!-- end portfolio category -->\t<\/p>\n<p><!-- end portfolio contentarea --><\/p>\n<p><!-- end single portfolio item -->\t<\/p>\n<p><!-- end copy --><\/p>\n<p><!-- \/row --><\/p>\n<p>CONTACT US<br \/>\n\t\t\t\t\t\t\t\t\t\t\t\t\t\t\t\t\t\t\t\t\t\tSERBIAN GENETIC SOCIETY<\/p>\n<p>&#916;\t\t\t\t\t\t\t\t\t\t\t\t\t<\/p>\n<p>Find Us<br \/>\n\t\t\t\t\t\t\t\t\t\t\t\t\t\t\t\t\t\t\t\t\t\tThe Congress will take place in Vrnja\u010dka Banja. Come visit us!<\/p>\n<p><img decoding=\"async\" src=\"https:\/\/maps.googleapis.com\/maps\/api\/staticmap?center=Vrnja\u010dka Banja&amp;zoom=14&amp;size=1960x400&amp;scale=2&amp;markers=color:red|Vrnja\u010dka Banja\" \/><\/p>\n","protected":false},"excerpt":{"rendered":"<p class=\"excerpt\">EVENTS GALLERY VI Congress of the Serbian Genetic Society All Vrnja\u010dka Banja Vrnjacka Banja Vrnja\u010dka Banja Vrnjacka-Banja Vrnja\u010dka Banja Hotel Fontana Vrnja\u010dka Banja CONTACT US SERBIAN GENETIC SOCIETY &#916; Find Us The Congress will take place in Vrnja\u010dka Banja. Come visit us!<\/p>\n","protected":false},"author":1,"featured_media":0,"parent":0,"menu_order":0,"comment_status":"closed","ping_status":"closed","template":"builder.php","meta":{"footnotes":""},"_links":{"self":[{"href":"https:\/\/dgskongres.srbijaodsrca.rs\/index.php?rest_route=\/wp\/v2\/pages\/4021"}],"collection":[{"href":"https:\/\/dgskongres.srbijaodsrca.rs\/index.php?rest_route=\/wp\/v2\/pages"}],"about":[{"href":"https:\/\/dgskongres.srbijaodsrca.rs\/index.php?rest_route=\/wp\/v2\/types\/page"}],"author":[{"embeddable":true,"href":"https:\/\/dgskongres.srbijaodsrca.rs\/index.php?rest_route=\/wp\/v2\/users\/1"}],"replies":[{"embeddable":true,"href":"https:\/\/dgskongres.srbijaodsrca.rs\/index.php?rest_route=%2Fwp%2Fv2%2Fcomments&post=4021"}],"version-history":[{"count":143,"href":"https:\/\/dgskongres.srbijaodsrca.rs\/index.php?rest_route=\/wp\/v2\/pages\/4021\/revisions"}],"predecessor-version":[{"id":9619,"href":"https:\/\/dgskongres.srbijaodsrca.rs\/index.php?rest_route=\/wp\/v2\/pages\/4021\/revisions\/9619"}],"wp:attachment":[{"href":"https:\/\/dgskongres.srbijaodsrca.rs\/index.php?rest_route=%2Fwp%2Fv2%2Fmedia&parent=4021"}],"curies":[{"name":"wp","href":"https:\/\/api.w.org\/{rel}","templated":true}]}}