{"id":5008,"date":"2019-02-08T11:26:32","date_gmt":"2019-02-08T11:26:32","guid":{"rendered":"http:\/\/dgskongres.srbijaodsrca.rs\/?page_id=5008"},"modified":"2024-04-19T20:38:49","modified_gmt":"2024-04-19T20:38:49","slug":"venue","status":"publish","type":"page","link":"http:\/\/dgskongres.srbijaodsrca.rs\/?page_id=5008","title":{"rendered":"Venue"},"content":{"rendered":"<p>The Congress will take place in Vrnja\u010dka Banja<\/p>\n<p>HOTEL FONTANAVrnja\u010dka Banja spa is the largest and most famous spa resort in Serbia and has traditionally been a very attractive tourist resort for relaxation and recreation. The spa is located in central Serbia, about 200 km south of Belgrade. Vrnja\u010dka Banja spa is very well connected with all parts of Serbia by road and railway route that stretches down the Western Morava valley connecting the Balkans highways, Belgrade \u2013 Sofia and Belgrade \u2013 Athens, and by good local roads with its forest \u2013 mountainous hinterland creating a wide area of preserved natural environment. This mountain complex comprises high mountains Kopaonik (2017m), \u017deljin (1785m), Stolovi (1376m) and nearby gentle Go\u010d (1216m). The climate is moderate continental. The nearby mountains influence the Vrnja\u010dka Spa microclimate making it rather specific and very pleasant. Summers are moderately warm with chilly mornings and evenings, and winters are snowy with no sharp frosts. The average annual temperature is 10.5\u00b0C, whereas in summer it is 20\u00b0C.<\/p>\n<p>Registration<\/p>\n<p>Registration fee<\/p>\n<p>Important dates <\/p>\n<p>Abstract submissiondeadline \u00a0 01.06.2019.<\/p>\n<p>Language<\/p>\n<p>Official language of the Congress is English.<\/p>\n<p><!-- \/row --><\/p>\n<p>Register now<\/p>\n<p>For more detail contact us.<\/p>\n<p>100\u20ac \/ 12.000 din.<\/p>\n<p>Participants &#8211; members of Serbian Genetics Society<\/p>\n<p><a href=\"?page_id=6746\">Registration<\/a><\/p>\n<p>130\u20ac \/ 15.000 din.<\/p>\n<p>Participants \u2013 non members of Serbian Genetics Society<\/p>\n<p><a href=\"?page_id=6746\">Registration<\/a><\/p>\n<p>150\u20ac \/ 18.000 din.<\/p>\n<p>Late registration (after September 15)<\/p>\n<p><a href=\"?page_id=6746\">Registration<\/a><\/p>\n<p>50\u20ac \/ 6.000 din.<\/p>\n<p>Students<\/p>\n<p><a href=\"?page_id=6746\">Registration<\/a><\/p>\n<p><!-- \/row --><\/p>\n<p>The Congress place<\/p>\n<p><!-- style filter-->\t\t<\/p>\n<p><!-- Filter Nav Cat-->\t\t\t\t\t\t\t<\/p>\n<p>All<\/p>\n<p>Vrnja\u010dka Banja<\/p>\n<p><!-- portfolio_menu End --> \t\t\t\t<\/p>\n<p><!-- Filter post Query--><\/p>\n<p><!-- start copy -->\t<\/p>\n<p><!-- single portfolio item -->\t<\/p>\n<p><img loading=\"lazy\" decoding=\"async\" width=\"272\" height=\"186\" src=\"http:\/\/dgskongres.srbijaodsrca.rs\/wp-content\/uploads\/2019\/02\/Vrnjacka-Banja-Hotel.jpg\" \/><\/p>\n<p><!-- portfolio contentarea --><\/p>\n<p><!-- portfolio icon --><\/p>\n<p><a href=\"http:\/\/dgskongres.srbijaodsrca.rs\/wp-content\/uploads\/2019\/02\/Vrnjacka-Banja-Hotel.jpg\"><\/p>\n<p><\/a>\t\t\t\t\t\t\t\t\t\t\t\t<\/p>\n<p><!-- end portfolio icon --><\/p>\n<p><!-- portfolio title --><\/p>\n<p>Hotel Fontana<\/p>\n<p><!-- end portfolio title --><\/p>\n<p><!-- portfolio category --><\/p>\n<p>Vrnja\u010dka Banja<\/p>\n<p><!-- end portfolio category -->\t<\/p>\n<p><!-- end portfolio contentarea --><\/p>\n<p><!-- end single portfolio item -->\t<\/p>\n<p><!-- end copy --><\/p>\n<p><!-- start copy -->\t<\/p>\n<p><!-- single portfolio item -->\t<\/p>\n<p><img loading=\"lazy\" decoding=\"async\" width=\"245\" height=\"206\" src=\"http:\/\/dgskongres.srbijaodsrca.rs\/wp-content\/uploads\/2019\/02\/Vrnjacka-Banja-1.jpg\" \/><\/p>\n<p><!-- portfolio contentarea --><\/p>\n<p><!-- portfolio icon --><\/p>\n<p><a href=\"http:\/\/dgskongres.srbijaodsrca.rs\/wp-content\/uploads\/2019\/02\/Vrnjacka-Banja-1.jpg\"><\/p>\n<p><\/a>\t\t\t\t\t\t\t\t\t\t\t\t<\/p>\n<p><!-- end portfolio icon --><\/p>\n<p><!-- portfolio title --><\/p>\n<p>Vrnjacka-Banja<\/p>\n<p><!-- end portfolio title --><\/p>\n<p><!-- portfolio category --><\/p>\n<p>Vrnja\u010dka Banja<\/p>\n<p><!-- end portfolio category -->\t<\/p>\n<p><!-- end portfolio contentarea --><\/p>\n<p><!-- end single portfolio item -->\t<\/p>\n<p><!-- end copy --><\/p>\n<p><!-- start copy -->\t<\/p>\n<p><!-- single portfolio item -->\t<\/p>\n<p><img loading=\"lazy\" decoding=\"async\" width=\"500\" height=\"387\" src=\"http:\/\/dgskongres.srbijaodsrca.rs\/wp-content\/uploads\/2019\/02\/Vrnjacka-Banja.jpg\" \/><\/p>\n<p><!-- portfolio contentarea --><\/p>\n<p><!-- portfolio icon --><\/p>\n<p><a href=\"http:\/\/dgskongres.srbijaodsrca.rs\/wp-content\/uploads\/2019\/02\/Vrnjacka-Banja.jpg\"><\/p>\n<p><\/a>\t\t\t\t\t\t\t\t\t\t\t\t<\/p>\n<p><!-- end portfolio icon --><\/p>\n<p><!-- portfolio title --><\/p>\n<p>Vrnjacka Banja<\/p>\n<p><!-- end portfolio title --><\/p>\n<p><!-- portfolio category --><\/p>\n<p>Vrnja\u010dka Banja<\/p>\n<p><!-- end portfolio category -->\t<\/p>\n<p><!-- end portfolio contentarea --><\/p>\n<p><!-- end single portfolio item -->\t<\/p>\n<p><!-- end copy --><\/p>\n<p><!-- \/row --><\/p>\n<p>Vrnja\u010dka Banja, October 13 \u2013 October 17, 2019<\/p>\n<p>CONTACT US<br \/>\n\t\t\t\t\t\t\t\t\t\t\t\t\t\t\t\t\t\t\t\t\t\tSERBIAN GENETIC SOCIETY<\/p>\n<p>&#916;\t\t\t\t\t\t\t\t\t\t\t\t\t<\/p>\n<p>Find Us<br \/>\n\t\t\t\t\t\t\t\t\t\t\t\t\t\t\t\t\t\t\t\t\t\tThe Congress will take place in Vrnja\u010dka Banja. Come visit us!<\/p>\n<p><img decoding=\"async\" src=\"https:\/\/maps.googleapis.com\/maps\/api\/staticmap?center=Cara Du\u0161ana 2, Vrnja\u010dka Banja 36210, Srbija&amp;zoom=14&amp;size=1960x400&amp;scale=2&amp;markers=color:red|Cara Du\u0161ana 2, Vrnja\u010dka Banja 36210, Srbija\" \/><\/p>\n","protected":false},"excerpt":{"rendered":"<p class=\"excerpt\">The Congress will take place in Vrnja\u010dka Banja HOTEL FONTANAVrnja\u010dka Banja spa is the largest and most famous spa resort in Serbia and has traditionally been a very attractive tourist resort for relaxation and recreation. The spa is located in central Serbia, about 200 km south of Belgrade. Vrnja\u010dka Banja spa is very well connected [&hellip;]<\/p>\n","protected":false},"author":1,"featured_media":0,"parent":0,"menu_order":0,"comment_status":"closed","ping_status":"closed","template":"builder.php","meta":{"footnotes":""},"_links":{"self":[{"href":"http:\/\/dgskongres.srbijaodsrca.rs\/index.php?rest_route=\/wp\/v2\/pages\/5008"}],"collection":[{"href":"http:\/\/dgskongres.srbijaodsrca.rs\/index.php?rest_route=\/wp\/v2\/pages"}],"about":[{"href":"http:\/\/dgskongres.srbijaodsrca.rs\/index.php?rest_route=\/wp\/v2\/types\/page"}],"author":[{"embeddable":true,"href":"http:\/\/dgskongres.srbijaodsrca.rs\/index.php?rest_route=\/wp\/v2\/users\/1"}],"replies":[{"embeddable":true,"href":"http:\/\/dgskongres.srbijaodsrca.rs\/index.php?rest_route=%2Fwp%2Fv2%2Fcomments&post=5008"}],"version-history":[{"count":310,"href":"http:\/\/dgskongres.srbijaodsrca.rs\/index.php?rest_route=\/wp\/v2\/pages\/5008\/revisions"}],"predecessor-version":[{"id":9614,"href":"http:\/\/dgskongres.srbijaodsrca.rs\/index.php?rest_route=\/wp\/v2\/pages\/5008\/revisions\/9614"}],"wp:attachment":[{"href":"http:\/\/dgskongres.srbijaodsrca.rs\/index.php?rest_route=%2Fwp%2Fv2%2Fmedia&parent=5008"}],"curies":[{"name":"wp","href":"https:\/\/api.w.org\/{rel}","templated":true}]}}